{"id":45,"date":"2024-11-17T21:43:16","date_gmt":"2024-11-18T00:43:16","guid":{"rendered":"https:\/\/beauty.artereciclada.com.br\/?page_id=45"},"modified":"2024-11-17T21:43:17","modified_gmt":"2024-11-18T00:43:17","slug":"sobre-nos","status":"publish","type":"page","link":"https:\/\/beauty.artereciclada.com.br\/es\/sobre-nos\/","title":{"rendered":"Sobre nosotros"},"content":{"rendered":"<p>Bienvenido a <strong>arte de la belleza<\/strong>!<\/p>\n\n\n\n<p>No <strong>arte de la belleza<\/strong>Creemos que la belleza reside en las peque\u00f1as cosas y en la sencillez de lo cotidiano. Nuestro blog naci\u00f3 de la pasi\u00f3n por explorar el universo femenino, aportando consejos e inspiraci\u00f3n para que cada mujer pueda descubrir y valorar su propia esencia.<\/p>\n\n\n\n<p><strong>Nuestra misi\u00f3n<\/strong><br>Nuestra misi\u00f3n es compartir conocimientos y tendencias sobre la salud, el bienestar y la belleza de la mujer. Queremos empoderar a mujeres de todas las edades, ayud\u00e1ndolas a encontrar la confianza y el equilibrio a trav\u00e9s del autocuidado, valorando siempre la naturalidad y la autenticidad.<\/p>\n\n\n\n<p><strong>Qu\u00e9 hacemos<\/strong><br>Aqu\u00ed en <strong>arte de la belleza<\/strong>Ofrecemos una amplia gama de contenidos, como consejos de maquillaje, cuidado de la piel, noticias de moda y mucho m\u00e1s. Cada art\u00edculo est\u00e1 dise\u00f1ado para ser \u00fatil, pr\u00e1ctico e inspirador, con un enfoque en la mejora de su belleza \u00fanica y simplificar su rutina de cuidado de la piel.<\/p>\n\n\n\n<p><strong>Nuestra visi\u00f3n<\/strong><br>Creemos que la belleza va m\u00e1s all\u00e1 de la est\u00e9tica: reside en la forma en que nos cuidamos, nos vemos y conectamos con el mundo que nos rodea. Nuestra visi\u00f3n es crear un espacio donde las mujeres puedan aprender, inspirarse y sentirse m\u00e1s seguras para afrontar la vida cotidiana con ligereza y autoestima.<\/p>\n\n\n\n<p><strong>\u00danete a nosotros<\/strong><br>Te invitamos a explorar nuestro blog, descubrir nuevos trucos y abrazar la sencillez como camino hacia la belleza. Tanto si quieres aprender un truco de maquillaje, descubrir un nuevo producto o simplemente inspirarte, el <strong>arte de la belleza<\/strong> es el lugar adecuado para usted.<\/p>\n\n\n\n<p>\u00a1Descubra el arte de la belleza en la sencillez de las cosas!<\/p>","protected":false},"excerpt":{"rendered":"<p>Bem-vinda ao Beauty Art! No Beauty Art, acreditamos que a beleza est\u00e1 nas pequenas coisas e na simplicidade do dia a dia. Nosso blog nasceu da paix\u00e3o por explorar o universo feminino, trazendo dicas e inspira\u00e7\u00f5es para que cada mulher descubra e valorize sua pr\u00f3pria ess\u00eancia. Nossa Miss\u00e3oNossa miss\u00e3o \u00e9 compartilhar conhecimento e tend\u00eancias sobre [&hellip;]<\/p>","protected":false},"author":1,"featured_media":38,"parent":0,"menu_order":0,"comment_status":"closed","ping_status":"closed","template":"","meta":{"footnotes":""},"class_list":["post-45","page","type-page","status-publish","has-post-thumbnail","hentry"],"blocksy_meta":[],"_links":{"self":[{"href":"https:\/\/beauty.artereciclada.com.br\/es\/wp-json\/wp\/v2\/pages\/45","targetHints":{"allow":["GET"]}}],"collection":[{"href":"https:\/\/beauty.artereciclada.com.br\/es\/wp-json\/wp\/v2\/pages"}],"about":[{"href":"https:\/\/beauty.artereciclada.com.br\/es\/wp-json\/wp\/v2\/types\/page"}],"author":[{"embeddable":true,"href":"https:\/\/beauty.artereciclada.com.br\/es\/wp-json\/wp\/v2\/users\/1"}],"replies":[{"embeddable":true,"href":"https:\/\/beauty.artereciclada.com.br\/es\/wp-json\/wp\/v2\/comments?post=45"}],"version-history":[{"count":2,"href":"https:\/\/beauty.artereciclada.com.br\/es\/wp-json\/wp\/v2\/pages\/45\/revisions"}],"predecessor-version":[{"id":53,"href":"https:\/\/beauty.artereciclada.com.br\/es\/wp-json\/wp\/v2\/pages\/45\/revisions\/53"}],"wp:featuredmedia":[{"embeddable":true,"href":"https:\/\/beauty.artereciclada.com.br\/es\/wp-json\/wp\/v2\/media\/38"}],"wp:attachment":[{"href":"https:\/\/beauty.artereciclada.com.br\/es\/wp-json\/wp\/v2\/media?parent=45"}],"curies":[{"name":"wp","href":"https:\/\/api.w.org\/{rel}","templated":true}]}}