{"id":162,"date":"2024-11-19T15:11:21","date_gmt":"2024-11-19T18:11:21","guid":{"rendered":"https:\/\/beauty.artereciclada.com.br\/?page_id=162"},"modified":"2024-11-19T18:53:41","modified_gmt":"2024-11-19T21:53:41","slug":"politica-de-cookies","status":"publish","type":"page","link":"https:\/\/beauty.artereciclada.com.br\/es\/politica-de-cookies\/","title":{"rendered":"Pol\u00edtica de cookies"},"content":{"rendered":"<div class=\"cookie-policy\">\n    \n    <p>Bienvenido a <strong>arte de la belleza<\/strong>! Esta Pol\u00edtica de Cookies describe c\u00f3mo <strong>Arte De Belleza<\/strong> (\u201cnosotros\u201d, \u201cnuestro\u201d o \u201cnuestro\u201d) utiliza cookies y tecnolog\u00edas similares en el sitio web <a href=\"https:\/\/beauty.artereciclada.com.br\/es\/\">belleza.artereciccada.com.br<\/a> (en adelante denominado \u201cSitio\u201d). Nos comprometemos a proteger su privacidad y garantizar la transparencia en cuanto al uso de cookies, de acuerdo con la Ley General de Protecci\u00f3n de Datos (LGPD \u2013 Ley n\u00ba 13.709\/2018).<\/p>\n    \n    <h2>1. \u00bfQu\u00e9 son las cookies?<\/h2>\n    <p>Las cookies son peque\u00f1os archivos de texto que se almacenan en su dispositivo (ordenador, tableta, tel\u00e9fono inteligente) cuando visita un sitio web. Se utilizan ampliamente para hacer que los sitios web funcionen de manera m\u00e1s eficiente y para proporcionar informaci\u00f3n a los propietarios de sitios web.<\/p>\n    \n    <h2>2. C\u00f3mo utilizamos las cookies<\/h2>\n    <p>Utilizamos cookies para varios prop\u00f3sitos, que incluyen:<\/p>\n    <ul>\n        <li><strong>Autenticaci\u00f3n y seguridad<\/strong>: Aseg\u00farese de tener acceso seguro al Sitio y sus funciones.<\/li>\n        <li><strong>An\u00e1lisis y Mejora<\/strong>: Comprender c\u00f3mo los usuarios interact\u00faan con el Sitio para mejorar su usabilidad y contenido.<\/li>\n        <li><strong>Personalizaci\u00f3n<\/strong>: Adapta contenidos y ofertas seg\u00fan tus preferencias y comportamientos de navegaci\u00f3n.<\/li>\n        <li><strong>Publicidad<\/strong>: Muestre anuncios relevantes y personalizados y mida la efectividad de las campa\u00f1as publicitarias.<\/li>\n    <\/ul>\n    \n    <h2>3. Tipos de cookies utilizadas<\/h2>\n    \n    <h3>3.1 Cookies esenciales<\/h3>\n    <p>Estas cookies son necesarias para el funcionamiento b\u00e1sico del Sitio. Le permiten navegar por el Sitio y utilizar sus funciones, como el acceso a \u00e1reas seguras. Sin estas cookies, algunos servicios ofrecidos en el Sitio no se pueden proporcionar.<\/p>\n    <strong>Ejemplos de uso:<\/strong>\n    <ul>\n        <li>Mantenga activa su sesi\u00f3n de inicio de sesi\u00f3n.<\/li>\n        <li>Recuerde sus preferencias de idioma.<\/li>\n    <\/ul>\n    \n    <h3>3.2 Cookies de rendimiento<\/h3>\n    <p>Las cookies de rendimiento recopilan informaci\u00f3n sobre c\u00f3mo utiliza el Sitio, como qu\u00e9 p\u00e1ginas visita con m\u00e1s frecuencia y si recibe mensajes de error de las p\u00e1ginas web. Estas cookies no recopilan informaci\u00f3n que identifique a un visitante. Toda la informaci\u00f3n recopilada por estas cookies es agregada y, por lo tanto, an\u00f3nima. S\u00f3lo se utilizan para mejorar el funcionamiento del Sitio.<\/p>\n    <strong>Ejemplos de uso:<\/strong>\n    <ul>\n        <li>Analizar el tr\u00e1fico del sitio web.<\/li>\n        <li>Identificar \u00e1reas del Sitio Web que requieren mejora.<\/li>\n    <\/ul>\n    \n    <h3>3.3 Cookies de funcionalidad<\/h3>\n    <p>Estas cookies permiten que el Sitio recuerde las elecciones que usted realiza (como su nombre de usuario, idioma o la regi\u00f3n en la que se encuentra) y brindan una funcionalidad mejorada y m\u00e1s personalizada. Esta informaci\u00f3n puede usarse para recordar sus preferencias en futuras visitas al Sitio.<\/p>\n    <strong>Ejemplos de uso:<\/strong>\n    <ul>\n        <li>Guarde sus preferencias de visualizaci\u00f3n.<\/li>\n        <li>Personalice el contenido mostrado seg\u00fan sus elecciones anteriores.<\/li>\n    <\/ul>\n    \n    <h3>3.4 Cookies publicitarias<\/h3>\n    <p>Las cookies publicitarias se utilizan para ofrecer anuncios m\u00e1s relevantes para usted y sus intereses. Tambi\u00e9n se utilizan para limitar la cantidad de veces que ve un anuncio, as\u00ed como para ayudar a medir la efectividad de las campa\u00f1as publicitarias.<\/p>\n    <strong>Ejemplos de uso:<\/strong>\n    <ul>\n        <li>Mostrarte anuncios basados en tus intereses.<\/li>\n        <li>Controla la frecuencia con la que se te muestra un anuncio espec\u00edfico.<\/li>\n    <\/ul>\n    \n    <h2>4. C\u00f3mo utilizamos las cookies<\/h2>\n    <ul>\n        <li><strong>Autenticaci\u00f3n y seguridad<\/strong>: Aseg\u00farese de tener acceso seguro al Sitio y sus funciones.<\/li>\n        <li><strong>An\u00e1lisis y Mejora<\/strong>: Comprender c\u00f3mo los usuarios interact\u00faan con el Sitio para mejorar su usabilidad y contenido.<\/li>\n        <li><strong>Personalizaci\u00f3n<\/strong>: Adapta contenidos y ofertas seg\u00fan tus preferencias y comportamientos de navegaci\u00f3n.<\/li>\n        <li><strong>Publicidad<\/strong>: Muestre anuncios relevantes y personalizados y mida la efectividad de las campa\u00f1as publicitarias.<\/li>\n    <\/ul>\n    \n    <h2>5. Gesti\u00f3n de cookies<\/h2>\n    <p>Los usuarios son libres de bloquear o desactivar las cookies de cualquier sitio web, incluido el nuestro, en cualquier momento ajustando la configuraci\u00f3n de su navegador de Internet.<\/p>\n    \n    <h3>5.1 C\u00f3mo bloquear las cookies<\/h3>\n    <p>Aqu\u00ed hay enlaces a gu\u00edas de ayuda para los principales navegadores que pueden ayudarle con este procedimiento:<\/p>\n    <ul>\n        <li><strong><a href=\"https:\/\/support.microsoft.com\/pt-br\/windows\/gerenciar-cookies-no-microsoft-edge-exibir-permitir-bloquear-excluir-e-usar-168dab11-0753-043d-7c16-ede5947fc64d\" target=\"_blank\" rel=\"noopener\">Borde de Microsoft<\/a><\/strong><\/li>\n        <li><strong><a href=\"https:\/\/support.mozilla.org\/pt-BR\/kb\/limpe-cookies-e-dados-de-sites-no-firefox\" target=\"_blank\" rel=\"noopener\">Mozilla Firefox<\/a><\/strong><\/li>\n        <li><strong><a href=\"https:\/\/support.google.com\/chrome\/answer\/95647?hl=pt-BR\" target=\"_blank\" rel=\"noopener\">Google Chrome<\/a><\/strong><\/li>\n        <li><strong><a href=\"https:\/\/help.opera.com\/en\/latest\/web-preferences\/#cookies\" target=\"_blank\" rel=\"noopener\">\u00d3pera<\/a><\/strong><\/li>\n        <li><strong><a href=\"https:\/\/support.apple.com\/pt-br\/guide\/safari\/sfri11471\/mac\" target=\"_blank\" rel=\"noopener\">Safari<\/a><\/strong><\/li>\n    <\/ul>\n    \n    <h3>5.2 Deshabilitar anuncios personalizados<\/h3>\n    <p>Si desea desactivar los anuncios personalizados proporcionados por Google, puede cambiar su configuraci\u00f3n en <a href=\"https:\/\/adssettings.google.com\/authenticated\" target=\"_blank\" rel=\"noopener\">Opciones de anuncios de Google<\/a>.<\/p>\n    <p>Para optar por no recibir publicidad personalizada de terceros, visite su sitio web <a href=\"https:\/\/www.aboutads.info\" target=\"_blank\" rel=\"noopener\">www.aboutads.info<\/a>, donde recibir\u00e1 orientaci\u00f3n sobre c\u00f3mo administrar sus preferencias de anuncios en diferentes plataformas.<\/p>\n    \n    <strong>Pasos para deshabilitar los anuncios personalizados:<\/strong>\n    <ol>\n        <li><strong>En Google:<\/strong>\n            <ul>\n                <li>Acceso <a href=\"https:\/\/adssettings.google.com\/authenticated\" target=\"_blank\" rel=\"noopener\">Configuraci\u00f3n de anuncios de Google<\/a>.<\/li>\n                <li>Deshabilite la opci\u00f3n &quot;Personalizaci\u00f3n de anuncios&quot;.<\/li>\n            <\/ul>\n        <\/li>\n        <li><strong>En Terceros:<\/strong>\n            <ul>\n                <li>Visita <a href=\"https:\/\/www.aboutads.info\" target=\"_blank\" rel=\"noopener\">www.aboutads.info<\/a>.<\/li>\n                <li>Siga las instrucciones para administrar sus preferencias de anuncios en todas las plataformas y dispositivos.<\/li>\n            <\/ul>\n        <\/li>\n    <\/ol>\n    \n    <h2>6. Consentimiento<\/h2>\n    <p>Al utilizar nuestro Sitio, acepta el uso de cookies como se describe en esta Pol\u00edtica de cookies. Si no est\u00e1 de acuerdo con el uso de ciertos tipos de cookies, puede ajustar la configuraci\u00f3n de cookies seg\u00fan las instrucciones proporcionadas anteriormente. Sin embargo, tenga en cuenta que deshabilitar algunas cookies puede afectar su experiencia en el Sitio y limitar el acceso a ciertas funciones.<\/p>\n    \n    <h2>7. Actualizaciones de la pol\u00edtica de cookies<\/h2>\n    <p>Podemos actualizar esta Pol\u00edtica de Cookies de vez en cuando para reflejar cambios en nuestras pr\u00e1cticas o por motivos legales. Cuando realicemos cambios, actualizaremos la &quot;\u00daltima actualizaci\u00f3n&quot; al final de esta pol\u00edtica y publicaremos la versi\u00f3n revisada en el Sitio. Le recomendamos que revise esta Pol\u00edtica de Cookies peri\u00f3dicamente para estar al tanto de c\u00f3mo utilizamos las cookies.<\/p>\n    \n    <h2>8. Servicios de terceros<\/h2>\n    <p>Podemos utilizar servicios de terceros para proporcionar funcionalidad adicional al Sitio, como procesamiento de pagos, an\u00e1lisis de datos y alojamiento de contenido. Estos terceros pueden tener acceso a su informaci\u00f3n personal s\u00f3lo para realizar estas tareas en nuestro nombre y est\u00e1n obligados a proteger esta informaci\u00f3n de acuerdo con esta Pol\u00edtica de Privacidad y la LGPD.<\/p>\n    \n    <h2>9. Privacidad de los ni\u00f1os<\/h2>\n    <p>Nuestro Sitio no est\u00e1 destinado a ni\u00f1os menores de 18 a\u00f1os. No recopilamos conscientemente informaci\u00f3n personal de ni\u00f1os. Si nos damos cuenta de que hemos recopilado informaci\u00f3n personal de un ni\u00f1o, tomaremos medidas para eliminar esa informaci\u00f3n de inmediato.<\/p>\n    \n    <h2>10. Contacto<\/h2>\n    <p>Si tiene alguna duda sobre esta Pol\u00edtica de Cookies, por favor p\u00f3ngase en contacto con nosotros v\u00eda correo electr\u00f3nico <a href=\"mailto:contato@artereciclada.com.br\">contato@artereciclada.com.br<\/a>.<\/p>\n    \n    <hr>\n    \n    <p class=\"last-updated\">\u00daltima actualizaci\u00f3n: 19 de noviembre de 2024<\/p>\n<\/div>","protected":false},"excerpt":{"rendered":"<p>Bem-vindo \u00e0 Beauty Art! Esta Pol\u00edtica de Cookies descreve como A Beauty Art (&#8220;n\u00f3s&#8221;, &#8220;nosso&#8221; ou &#8220;nossa&#8221;) utiliza cookies e tecnologias similares no site beauty.artereciclada.com.br (doravante referido como &#8220;Site&#8221;). Estamos comprometidos em proteger sua privacidade e garantir a transpar\u00eancia sobre o uso de cookies, em conformidade com a Lei Geral de Prote\u00e7\u00e3o de Dados (LGPD [&hellip;]<\/p>","protected":false},"author":1,"featured_media":0,"parent":0,"menu_order":0,"comment_status":"closed","ping_status":"closed","template":"","meta":{"footnotes":""},"class_list":["post-162","page","type-page","status-publish","hentry"],"blocksy_meta":[],"_links":{"self":[{"href":"https:\/\/beauty.artereciclada.com.br\/es\/wp-json\/wp\/v2\/pages\/162","targetHints":{"allow":["GET"]}}],"collection":[{"href":"https:\/\/beauty.artereciclada.com.br\/es\/wp-json\/wp\/v2\/pages"}],"about":[{"href":"https:\/\/beauty.artereciclada.com.br\/es\/wp-json\/wp\/v2\/types\/page"}],"author":[{"embeddable":true,"href":"https:\/\/beauty.artereciclada.com.br\/es\/wp-json\/wp\/v2\/users\/1"}],"replies":[{"embeddable":true,"href":"https:\/\/beauty.artereciclada.com.br\/es\/wp-json\/wp\/v2\/comments?post=162"}],"version-history":[{"count":5,"href":"https:\/\/beauty.artereciclada.com.br\/es\/wp-json\/wp\/v2\/pages\/162\/revisions"}],"predecessor-version":[{"id":174,"href":"https:\/\/beauty.artereciclada.com.br\/es\/wp-json\/wp\/v2\/pages\/162\/revisions\/174"}],"wp:attachment":[{"href":"https:\/\/beauty.artereciclada.com.br\/es\/wp-json\/wp\/v2\/media?parent=162"}],"curies":[{"name":"wp","href":"https:\/\/api.w.org\/{rel}","templated":true}]}}