{"id":47,"date":"2024-11-17T21:39:33","date_gmt":"2024-11-18T00:39:33","guid":{"rendered":"https:\/\/beauty.artereciclada.com.br\/?page_id=47"},"modified":"2024-11-19T19:45:24","modified_gmt":"2024-11-19T22:45:24","slug":"contato","status":"publish","type":"page","link":"https:\/\/beauty.artereciclada.com.br\/en\/contato\/","title":{"rendered":"Contact"},"content":{"rendered":"<p>Hello! \ud83d\ude0a Need to talk to us? We&#039;re here to help. Contact us through our channels:<\/p>\n\n\n\n<p><strong>E-mail:<\/strong> <a href=\"mailto:contato@setorreciclagem.com.br\">contato@setorreciclagem.com.br<\/a><br><strong>Opening Hours:<\/strong> Monday to Friday, 8am to 5pm.<\/p>\n\n\n\n<p>Send us your message and we will respond as soon as possible. Together, we can make a difference in the world of recycling! \ud83c\udf0d\u267b\ufe0f<\/p>","protected":false},"excerpt":{"rendered":"<p>Ol\u00e1! \ud83d\ude0a Precisa falar com a gente? Estamos aqui para ajudar. Entre em contato pelos nossos canais: E-mail: contato@setorreciclagem.com.brHor\u00e1rio de Atendimento: Segunda a sexta, das 8h \u00e0s 17h. Envie sua mensagem e responderemos o mais breve poss\u00edvel. Juntos, podemos fazer a diferen\u00e7a no mundo da reciclagem! \ud83c\udf0d\u267b\ufe0f<\/p>","protected":false},"author":1,"featured_media":38,"parent":0,"menu_order":0,"comment_status":"closed","ping_status":"closed","template":"","meta":{"footnotes":""},"class_list":["post-47","page","type-page","status-publish","has-post-thumbnail","hentry"],"blocksy_meta":[],"_links":{"self":[{"href":"https:\/\/beauty.artereciclada.com.br\/en\/wp-json\/wp\/v2\/pages\/47","targetHints":{"allow":["GET"]}}],"collection":[{"href":"https:\/\/beauty.artereciclada.com.br\/en\/wp-json\/wp\/v2\/pages"}],"about":[{"href":"https:\/\/beauty.artereciclada.com.br\/en\/wp-json\/wp\/v2\/types\/page"}],"author":[{"embeddable":true,"href":"https:\/\/beauty.artereciclada.com.br\/en\/wp-json\/wp\/v2\/users\/1"}],"replies":[{"embeddable":true,"href":"https:\/\/beauty.artereciclada.com.br\/en\/wp-json\/wp\/v2\/comments?post=47"}],"version-history":[{"count":6,"href":"https:\/\/beauty.artereciclada.com.br\/en\/wp-json\/wp\/v2\/pages\/47\/revisions"}],"predecessor-version":[{"id":177,"href":"https:\/\/beauty.artereciclada.com.br\/en\/wp-json\/wp\/v2\/pages\/47\/revisions\/177"}],"wp:featuredmedia":[{"embeddable":true,"href":"https:\/\/beauty.artereciclada.com.br\/en\/wp-json\/wp\/v2\/media\/38"}],"wp:attachment":[{"href":"https:\/\/beauty.artereciclada.com.br\/en\/wp-json\/wp\/v2\/media?parent=47"}],"curies":[{"name":"wp","href":"https:\/\/api.w.org\/{rel}","templated":true}]}}