{"id":45,"date":"2024-11-17T21:43:16","date_gmt":"2024-11-18T00:43:16","guid":{"rendered":"https:\/\/beauty.artereciclada.com.br\/?page_id=45"},"modified":"2024-11-17T21:43:17","modified_gmt":"2024-11-18T00:43:17","slug":"sobre-nos","status":"publish","type":"page","link":"https:\/\/beauty.artereciclada.com.br\/en\/sobre-nos\/","title":{"rendered":"About Us"},"content":{"rendered":"<p>Bem-vinda ao <strong>Beauty Art<\/strong>!<\/p>\n\n\n\n<p>No <strong>Beauty Art<\/strong>, acreditamos que a beleza est\u00e1 nas pequenas coisas e na simplicidade do dia a dia. Nosso blog nasceu da paix\u00e3o por explorar o universo feminino, trazendo dicas e inspira\u00e7\u00f5es para que cada mulher descubra e valorize sua pr\u00f3pria ess\u00eancia.<\/p>\n\n\n\n<p><strong>Nossa Miss\u00e3o<\/strong><br>Nossa miss\u00e3o \u00e9 compartilhar conhecimento e tend\u00eancias sobre sa\u00fade, bem-estar e beleza feminina. Queremos empoderar mulheres de todas as idades, ajudando-as a encontrar confian\u00e7a e equil\u00edbrio atrav\u00e9s do autocuidado, sempre valorizando a naturalidade e autenticidade.<\/p>\n\n\n\n<p><strong>O Que Fazemos<\/strong><br>Aqui no <strong>Beauty Art<\/strong>, oferecemos conte\u00fados diversificados que incluem dicas de maquiagem, cuidados com a pele, novidades no mundo da moda e muito mais. Cada artigo \u00e9 pensado para ser \u00fatil, pr\u00e1tico e inspirador, com foco em real\u00e7ar sua beleza \u00fanica e simplificar sua rotina de cuidados.<\/p>\n\n\n\n<p><strong>Nossa Vis\u00e3o<\/strong><br>Acreditamos que a beleza vai al\u00e9m da est\u00e9tica \u2014 ela est\u00e1 no modo como nos cuidamos, nos enxergamos e nos conectamos com o mundo ao nosso redor. Nossa vis\u00e3o \u00e9 criar um espa\u00e7o onde mulheres possam aprender, se inspirar e se sentir mais confiantes para enfrentar o dia a dia com leveza e autoestima.<\/p>\n\n\n\n<p><strong>Junte-se a N\u00f3s<\/strong><br>Convidamos voc\u00ea a explorar nosso blog, descobrir novas dicas e abra\u00e7ar a simplicidade como caminho para a beleza. Seja para aprender um truque de maquiagem, conhecer um novo produto ou simplesmente se inspirar, o <strong>Beauty Art<\/strong> \u00e9 o lugar certo para voc\u00ea.<\/p>\n\n\n\n<p>Descubra a arte da beleza na simplicidade das coisas!<\/p>","protected":false},"excerpt":{"rendered":"<p>Bem-vinda ao Beauty Art! No Beauty Art, acreditamos que a beleza est\u00e1 nas pequenas coisas e na simplicidade do dia a dia. Nosso blog nasceu da paix\u00e3o por explorar o universo feminino, trazendo dicas e inspira\u00e7\u00f5es para que cada mulher descubra e valorize sua pr\u00f3pria ess\u00eancia. Nossa Miss\u00e3oNossa miss\u00e3o \u00e9 compartilhar conhecimento e tend\u00eancias sobre [&hellip;]<\/p>","protected":false},"author":1,"featured_media":38,"parent":0,"menu_order":0,"comment_status":"closed","ping_status":"closed","template":"","meta":{"footnotes":""},"class_list":["post-45","page","type-page","status-publish","has-post-thumbnail","hentry"],"blocksy_meta":[],"_links":{"self":[{"href":"https:\/\/beauty.artereciclada.com.br\/en\/wp-json\/wp\/v2\/pages\/45","targetHints":{"allow":["GET"]}}],"collection":[{"href":"https:\/\/beauty.artereciclada.com.br\/en\/wp-json\/wp\/v2\/pages"}],"about":[{"href":"https:\/\/beauty.artereciclada.com.br\/en\/wp-json\/wp\/v2\/types\/page"}],"author":[{"embeddable":true,"href":"https:\/\/beauty.artereciclada.com.br\/en\/wp-json\/wp\/v2\/users\/1"}],"replies":[{"embeddable":true,"href":"https:\/\/beauty.artereciclada.com.br\/en\/wp-json\/wp\/v2\/comments?post=45"}],"version-history":[{"count":2,"href":"https:\/\/beauty.artereciclada.com.br\/en\/wp-json\/wp\/v2\/pages\/45\/revisions"}],"predecessor-version":[{"id":53,"href":"https:\/\/beauty.artereciclada.com.br\/en\/wp-json\/wp\/v2\/pages\/45\/revisions\/53"}],"wp:featuredmedia":[{"embeddable":true,"href":"https:\/\/beauty.artereciclada.com.br\/en\/wp-json\/wp\/v2\/media\/38"}],"wp:attachment":[{"href":"https:\/\/beauty.artereciclada.com.br\/en\/wp-json\/wp\/v2\/media?parent=45"}],"curies":[{"name":"wp","href":"https:\/\/api.w.org\/{rel}","templated":true}]}}